{"id":1161,"date":"2021-09-27T10:46:35","date_gmt":"2021-09-27T08:46:35","guid":{"rendered":"https:\/\/dockx-boxes.be\/?post_type=product&#038;p=1161"},"modified":"2021-10-25T11:57:16","modified_gmt":"2021-10-25T09:57:16","slug":"plastique-a-bulles-10m","status":"publish","type":"product","link":"https:\/\/dockx-boxes.be\/fr\/product\/materiel-de-demenagement\/plastique-a-bulles-10m\/","title":{"rendered":"Plastique \u00e0 bulles 10 m"},"content":{"rendered":"","protected":false},"excerpt":{"rendered":"<p>Plastique \u00e0 bulles doux pour emballer des objets fragiles et cassants, tels que des appareils \u00e9lectriques, des tableaux et des meubles. Commercialis\u00e9 en rouleaux de 10 m.<\/p>\n","protected":false},"featured_media":5776,"template":"","meta":[],"product_cat":[55],"product_tag":[],"class_list":["post-1161","product","type-product","status-publish","has-post-thumbnail","hentry","product_cat-materiel-de-demenagement"],"acf":[],"_links":{"self":[{"href":"https:\/\/dockx-boxes.be\/fr\/wp-json\/wp\/v2\/product\/1161","targetHints":{"allow":["GET"]}}],"collection":[{"href":"https:\/\/dockx-boxes.be\/fr\/wp-json\/wp\/v2\/product"}],"about":[{"href":"https:\/\/dockx-boxes.be\/fr\/wp-json\/wp\/v2\/types\/product"}],"wp:featuredmedia":[{"embeddable":true,"href":"https:\/\/dockx-boxes.be\/fr\/wp-json\/wp\/v2\/media\/5776"}],"wp:attachment":[{"href":"https:\/\/dockx-boxes.be\/fr\/wp-json\/wp\/v2\/media?parent=1161"}],"wp:term":[{"taxonomy":"product_cat","embeddable":true,"href":"https:\/\/dockx-boxes.be\/fr\/wp-json\/wp\/v2\/product_cat?post=1161"},{"taxonomy":"product_tag","embeddable":true,"href":"https:\/\/dockx-boxes.be\/fr\/wp-json\/wp\/v2\/product_tag?post=1161"}],"curies":[{"name":"wp","href":"https:\/\/api.w.org\/{rel}","templated":true}]}}